{"id":40834,"date":"2024-11-25T15:31:07","date_gmt":"2024-11-25T14:31:07","guid":{"rendered":"http:\/\/marinaoposicions.com.mialias.net\/?page_id=40834"},"modified":"2025-02-09T23:13:58","modified_gmt":"2025-02-09T22:13:58","slug":"blog","status":"publish","type":"page","link":"https:\/\/marinaoposicions.com\/es\/blog\/","title":{"rendered":"Blog"},"content":{"rendered":"<div data-elementor-type=\"wp-page\" data-elementor-id=\"40834\" class=\"elementor elementor-40834\" data-elementor-post-type=\"page\">\n\t\t\t\t<div class=\"elementor-element elementor-element-be2b91c e-flex e-con-boxed e-con e-parent\" data-id=\"be2b91c\" data-element_type=\"container\" data-e-type=\"container\" data-settings=\"{&quot;background_background&quot;:&quot;classic&quot;}\">\n\t\t\t\t\t<div class=\"e-con-inner\">\n\t\t<div class=\"elementor-element elementor-element-439dccc e-flex e-con-boxed e-con e-child\" data-id=\"439dccc\" data-element_type=\"container\" data-e-type=\"container\">\n\t\t\t\t\t<div class=\"e-con-inner\">\n\t\t\t\t<div class=\"elementor-element elementor-element-eb30eef elementor-invisible elementor-widget elementor-widget-heading\" data-id=\"eb30eef\" data-element_type=\"widget\" data-e-type=\"widget\" data-settings=\"{&quot;_animation&quot;:&quot;fadeInUp&quot;,&quot;_animation_delay&quot;:200}\" data-widget_type=\"heading.default\">\n\t\t\t\t<div class=\"elementor-widget-container\">\n\t\t\t\t\t<h1 class=\"elementor-heading-title elementor-size-default\">Art\u00edculos &amp; Blog<\/h1>\t\t\t\t<\/div>\n\t\t\t\t<\/div>\n\t\t\t\t\t<\/div>\n\t\t\t\t<\/div>\n\t\t\t\t\t<\/div>\n\t\t\t\t<\/div>\n\t\t<div class=\"elementor-element elementor-element-5e648f1f e-flex e-con-boxed e-con e-parent\" data-id=\"5e648f1f\" data-element_type=\"container\" data-e-type=\"container\">\n\t\t\t\t\t<div class=\"e-con-inner\">\n\t\t\t\t<div class=\"elementor-element elementor-element-cbdaf11 elementor-grid-3 elementor-grid-tablet-2 elementor-grid-mobile-1 elementor-posts--thumbnail-top elementor-widget elementor-widget-posts\" data-id=\"cbdaf11\" data-element_type=\"widget\" data-e-type=\"widget\" data-settings=\"{&quot;classic_columns&quot;:&quot;3&quot;,&quot;classic_columns_tablet&quot;:&quot;2&quot;,&quot;classic_columns_mobile&quot;:&quot;1&quot;,&quot;classic_row_gap&quot;:{&quot;unit&quot;:&quot;px&quot;,&quot;size&quot;:35,&quot;sizes&quot;:[]},&quot;classic_row_gap_tablet&quot;:{&quot;unit&quot;:&quot;px&quot;,&quot;size&quot;:&quot;&quot;,&quot;sizes&quot;:[]},&quot;classic_row_gap_mobile&quot;:{&quot;unit&quot;:&quot;px&quot;,&quot;size&quot;:&quot;&quot;,&quot;sizes&quot;:[]}}\" data-widget_type=\"posts.classic\">\n\t\t\t\t<div class=\"elementor-widget-container\">\n\t\t\t\t\t\t\t<div class=\"elementor-posts-container elementor-posts elementor-posts--skin-classic elementor-grid\" role=\"list\">\n\t\t\t\t<article class=\"elementor-post elementor-grid-item post-42160 post type-post status-publish format-standard has-post-thumbnail hentry category-sin-categoria\" role=\"listitem\">\n\t\t\t\t<a class=\"elementor-post__thumbnail__link\" href=\"https:\/\/marinaoposicions.com\/es\/2026\/05\/10\/preparacio-oposicions-de-valencia-llengua-i-literatura\/\" tabindex=\"-1\" >\n\t\t\t<div class=\"elementor-post__thumbnail\"><img fetchpriority=\"high\" decoding=\"async\" width=\"300\" height=\"200\" src=\"https:\/\/marinaoposicions.com\/wp-content\/uploads\/2026\/05\/ChatGPT-Image-10-may-2026-19_12_20-300x200.png\" class=\"attachment-medium size-medium wp-image-42162\" alt=\"\" srcset=\"https:\/\/marinaoposicions.com\/wp-content\/uploads\/2026\/05\/ChatGPT-Image-10-may-2026-19_12_20-300x200.png 300w, https:\/\/marinaoposicions.com\/wp-content\/uploads\/2026\/05\/ChatGPT-Image-10-may-2026-19_12_20-1024x683.png 1024w, https:\/\/marinaoposicions.com\/wp-content\/uploads\/2026\/05\/ChatGPT-Image-10-may-2026-19_12_20-768x512.png 768w, https:\/\/marinaoposicions.com\/wp-content\/uploads\/2026\/05\/ChatGPT-Image-10-may-2026-19_12_20-100x67.png 100w, https:\/\/marinaoposicions.com\/wp-content\/uploads\/2026\/05\/ChatGPT-Image-10-may-2026-19_12_20-18x12.png 18w, https:\/\/marinaoposicions.com\/wp-content\/uploads\/2026\/05\/ChatGPT-Image-10-may-2026-19_12_20.png 1536w\" sizes=\"(max-width: 300px) 100vw, 300px\" \/><\/div>\n\t\t<\/a>\n\t\t\t\t<div class=\"elementor-post__text\">\n\t\t\t\t<h3 class=\"elementor-post__title\">\n\t\t\t<a href=\"https:\/\/marinaoposicions.com\/es\/2026\/05\/10\/preparacio-oposicions-de-valencia-llengua-i-literatura\/\" >\n\t\t\t\tLa n\u00famero 1 de les oposicions de Valenci\u00e0: llengua i Literatura de 2025 va formar-se amb nosaltres.\t\t\t<\/a>\n\t\t<\/h3>\n\t\t\t\t<div class=\"elementor-post__meta-data\">\n\t\t\t\t\t<span class=\"elementor-post-date\">\n\t\t\t10 de mayo de 2026\t\t<\/span>\n\t\t\t\t<span class=\"elementor-post-avatar\">\n\t\t\tNo hay comentarios\t\t<\/span>\n\t\t\t\t<\/div>\n\t\t\t\t<div class=\"elementor-post__excerpt\">\n\t\t\t<p>No hem donat suficient publicitat al nostre millor \u00e8xit: la n\u00famero 1 de les oposicions de Valenci\u00e0: Llengua i Literatura<\/p>\n\t\t<\/div>\n\t\t\n\t\t<a class=\"elementor-post__read-more\" href=\"https:\/\/marinaoposicions.com\/es\/2026\/05\/10\/preparacio-oposicions-de-valencia-llengua-i-literatura\/\" aria-label=\"M\u00e1s informaci\u00f3n sobre La n\u00famero 1 de les oposicions de Valenci\u00e0: llengua i Literatura de 2025 va formar-se amb nosaltres.\" tabindex=\"-1\" >\n\t\t\tLlegir m\u00e9s \u00bb\t\t<\/a>\n\n\t\t\t\t<\/div>\n\t\t\t\t<\/article>\n\t\t\t\t<article class=\"elementor-post elementor-grid-item post-41744 post type-post status-publish format-standard has-post-thumbnail hentry category-sin-categoria\" role=\"listitem\">\n\t\t\t\t<a class=\"elementor-post__thumbnail__link\" href=\"https:\/\/marinaoposicions.com\/es\/2026\/02\/02\/els-nostres-alumnes-opinen\/\" tabindex=\"-1\" >\n\t\t\t<div class=\"elementor-post__thumbnail\"><img decoding=\"async\" width=\"200\" height=\"300\" src=\"https:\/\/marinaoposicions.com\/wp-content\/uploads\/2026\/02\/ChatGPT-Image-30-ene-2026-16_27_46-200x300.png\" class=\"attachment-medium size-medium wp-image-41753\" alt=\"\" srcset=\"https:\/\/marinaoposicions.com\/wp-content\/uploads\/2026\/02\/ChatGPT-Image-30-ene-2026-16_27_46-200x300.png 200w, https:\/\/marinaoposicions.com\/wp-content\/uploads\/2026\/02\/ChatGPT-Image-30-ene-2026-16_27_46-683x1024.png 683w, https:\/\/marinaoposicions.com\/wp-content\/uploads\/2026\/02\/ChatGPT-Image-30-ene-2026-16_27_46-768x1152.png 768w, https:\/\/marinaoposicions.com\/wp-content\/uploads\/2026\/02\/ChatGPT-Image-30-ene-2026-16_27_46-67x100.png 67w, https:\/\/marinaoposicions.com\/wp-content\/uploads\/2026\/02\/ChatGPT-Image-30-ene-2026-16_27_46.png 1024w\" sizes=\"(max-width: 200px) 100vw, 200px\" \/><\/div>\n\t\t<\/a>\n\t\t\t\t<div class=\"elementor-post__text\">\n\t\t\t\t<h3 class=\"elementor-post__title\">\n\t\t\t<a href=\"https:\/\/marinaoposicions.com\/es\/2026\/02\/02\/els-nostres-alumnes-opinen\/\" >\n\t\t\t\tEls nostres alumnes opinen\t\t\t<\/a>\n\t\t<\/h3>\n\t\t\t\t<div class=\"elementor-post__meta-data\">\n\t\t\t\t\t<span class=\"elementor-post-date\">\n\t\t\t2 de febrero de 2026\t\t<\/span>\n\t\t\t\t<span class=\"elementor-post-avatar\">\n\t\t\tNo hay comentarios\t\t<\/span>\n\t\t\t\t<\/div>\n\t\t\t\t<div class=\"elementor-post__excerpt\">\n\t\t\t<p>En esta entrada compartirem el testimoni d\u2019un exopositor que ens parla, des de la seua pr\u00f2pia viv\u00e8ncia, de com va<\/p>\n\t\t<\/div>\n\t\t\n\t\t<a class=\"elementor-post__read-more\" href=\"https:\/\/marinaoposicions.com\/es\/2026\/02\/02\/els-nostres-alumnes-opinen\/\" aria-label=\"M\u00e1s informaci\u00f3n sobre Els nostres alumnes opinen\" tabindex=\"-1\" >\n\t\t\tLlegir m\u00e9s \u00bb\t\t<\/a>\n\n\t\t\t\t<\/div>\n\t\t\t\t<\/article>\n\t\t\t\t<article class=\"elementor-post elementor-grid-item post-41442 post type-post status-publish format-standard has-post-thumbnail hentry category-sin-categoria\" role=\"listitem\">\n\t\t\t\t<a class=\"elementor-post__thumbnail__link\" href=\"https:\/\/marinaoposicions.com\/es\/2026\/01\/16\/els-nostres-resultats\/\" tabindex=\"-1\" >\n\t\t\t<div class=\"elementor-post__thumbnail\"><img decoding=\"async\" width=\"300\" height=\"200\" src=\"https:\/\/marinaoposicions.com\/wp-content\/uploads\/2024\/11\/happy-female-student-learning-in-the-classroom-and-looking-at-camera--300x200.jpg\" class=\"attachment-medium size-medium wp-image-40950\" alt=\"Happy female student learning in the classroom and looking at camera.\" srcset=\"https:\/\/marinaoposicions.com\/wp-content\/uploads\/2024\/11\/happy-female-student-learning-in-the-classroom-and-looking-at-camera--300x200.jpg 300w, https:\/\/marinaoposicions.com\/wp-content\/uploads\/2024\/11\/happy-female-student-learning-in-the-classroom-and-looking-at-camera--1024x682.jpg 1024w, https:\/\/marinaoposicions.com\/wp-content\/uploads\/2024\/11\/happy-female-student-learning-in-the-classroom-and-looking-at-camera--768x512.jpg 768w, https:\/\/marinaoposicions.com\/wp-content\/uploads\/2024\/11\/happy-female-student-learning-in-the-classroom-and-looking-at-camera--1536x1024.jpg 1536w, https:\/\/marinaoposicions.com\/wp-content\/uploads\/2024\/11\/happy-female-student-learning-in-the-classroom-and-looking-at-camera-.jpg 2000w\" sizes=\"(max-width: 300px) 100vw, 300px\" \/><\/div>\n\t\t<\/a>\n\t\t\t\t<div class=\"elementor-post__text\">\n\t\t\t\t<h3 class=\"elementor-post__title\">\n\t\t\t<a href=\"https:\/\/marinaoposicions.com\/es\/2026\/01\/16\/els-nostres-resultats\/\" >\n\t\t\t\tEls nostres resultats\t\t\t<\/a>\n\t\t<\/h3>\n\t\t\t\t<div class=\"elementor-post__meta-data\">\n\t\t\t\t\t<span class=\"elementor-post-date\">\n\t\t\t16 de enero de 2026\t\t<\/span>\n\t\t\t\t<span class=\"elementor-post-avatar\">\n\t\t\tNo hay comentarios\t\t<\/span>\n\t\t\t\t<\/div>\n\t\t\t\t<div class=\"elementor-post__excerpt\">\n\t\t\t<p>A MarinaOposicions ens agraden les coses clares i els missatges directes. Per aquesta ra\u00f3, aprofitem aquesta entrada per a publicar<\/p>\n\t\t<\/div>\n\t\t\n\t\t<a class=\"elementor-post__read-more\" href=\"https:\/\/marinaoposicions.com\/es\/2026\/01\/16\/els-nostres-resultats\/\" aria-label=\"M\u00e1s informaci\u00f3n sobre Els nostres resultats\" tabindex=\"-1\" >\n\t\t\tLlegir m\u00e9s \u00bb\t\t<\/a>\n\n\t\t\t\t<\/div>\n\t\t\t\t<\/article>\n\t\t\t\t<article class=\"elementor-post elementor-grid-item post-41393 post type-post status-publish format-standard has-post-thumbnail hentry category-sin-categoria\" role=\"listitem\">\n\t\t\t\t<a class=\"elementor-post__thumbnail__link\" href=\"https:\/\/marinaoposicions.com\/es\/2025\/03\/22\/no-les-homilies-dorganya-no-son-el-primer-document-escrit-en-catala\/\" tabindex=\"-1\" >\n\t\t\t<div class=\"elementor-post__thumbnail\"><img loading=\"lazy\" decoding=\"async\" width=\"300\" height=\"200\" src=\"https:\/\/marinaoposicions.com\/wp-content\/uploads\/2025\/03\/old-books-436498_1280-300x200.jpg\" class=\"attachment-medium size-medium wp-image-41396\" alt=\"\" srcset=\"https:\/\/marinaoposicions.com\/wp-content\/uploads\/2025\/03\/old-books-436498_1280-300x200.jpg 300w, https:\/\/marinaoposicions.com\/wp-content\/uploads\/2025\/03\/old-books-436498_1280-1024x682.jpg 1024w, https:\/\/marinaoposicions.com\/wp-content\/uploads\/2025\/03\/old-books-436498_1280-768x512.jpg 768w, https:\/\/marinaoposicions.com\/wp-content\/uploads\/2025\/03\/old-books-436498_1280.jpg 1280w\" sizes=\"(max-width: 300px) 100vw, 300px\" \/><\/div>\n\t\t<\/a>\n\t\t\t\t<div class=\"elementor-post__text\">\n\t\t\t\t<h3 class=\"elementor-post__title\">\n\t\t\t<a href=\"https:\/\/marinaoposicions.com\/es\/2025\/03\/22\/no-les-homilies-dorganya-no-son-el-primer-document-escrit-en-catala\/\" >\n\t\t\t\tNO. Les Hom\u00edlies d&#8217;Organy\u00e0 no s\u00f3n el primer document escrit en catal\u00e0.\t\t\t<\/a>\n\t\t<\/h3>\n\t\t\t\t<div class=\"elementor-post__meta-data\">\n\t\t\t\t\t<span class=\"elementor-post-date\">\n\t\t\t22 de marzo de 2025\t\t<\/span>\n\t\t\t\t<span class=\"elementor-post-avatar\">\n\t\t\tNo hay comentarios\t\t<\/span>\n\t\t\t\t<\/div>\n\t\t\t\t<div class=\"elementor-post__excerpt\">\n\t\t\t<p>Si prepares oposicions, \u00e9s essencial estar al dia!<br \/>\nEn esta nova entrada et donem algunes pistes per al tema 38 del temari de les Oposicions de Valenci\u00e0: Llengua i Literatura! <\/p>\n\t\t<\/div>\n\t\t\n\t\t<a class=\"elementor-post__read-more\" href=\"https:\/\/marinaoposicions.com\/es\/2025\/03\/22\/no-les-homilies-dorganya-no-son-el-primer-document-escrit-en-catala\/\" aria-label=\"M\u00e1s informaci\u00f3n sobre NO. Les Hom\u00edlies d&#8217;Organy\u00e0 no s\u00f3n el primer document escrit en catal\u00e0.\" tabindex=\"-1\" >\n\t\t\tLlegir m\u00e9s \u00bb\t\t<\/a>\n\n\t\t\t\t<\/div>\n\t\t\t\t<\/article>\n\t\t\t\t<article class=\"elementor-post elementor-grid-item post-41332 post type-post status-publish format-standard has-post-thumbnail hentry category-sin-categoria\" role=\"listitem\">\n\t\t\t\t<a class=\"elementor-post__thumbnail__link\" href=\"https:\/\/marinaoposicions.com\/es\/2025\/03\/02\/per-on-comencar-a-preparar-les-oposicions\/\" tabindex=\"-1\" >\n\t\t\t<div class=\"elementor-post__thumbnail\"><img loading=\"lazy\" decoding=\"async\" width=\"300\" height=\"200\" src=\"https:\/\/marinaoposicions.com\/wp-content\/uploads\/2025\/03\/clock-3222267_1280-300x200.jpg\" class=\"attachment-medium size-medium wp-image-41334\" alt=\"\" srcset=\"https:\/\/marinaoposicions.com\/wp-content\/uploads\/2025\/03\/clock-3222267_1280-300x200.jpg 300w, https:\/\/marinaoposicions.com\/wp-content\/uploads\/2025\/03\/clock-3222267_1280-1024x682.jpg 1024w, https:\/\/marinaoposicions.com\/wp-content\/uploads\/2025\/03\/clock-3222267_1280-768x512.jpg 768w, https:\/\/marinaoposicions.com\/wp-content\/uploads\/2025\/03\/clock-3222267_1280.jpg 1280w\" sizes=\"(max-width: 300px) 100vw, 300px\" \/><\/div>\n\t\t<\/a>\n\t\t\t\t<div class=\"elementor-post__text\">\n\t\t\t\t<h3 class=\"elementor-post__title\">\n\t\t\t<a href=\"https:\/\/marinaoposicions.com\/es\/2025\/03\/02\/per-on-comencar-a-preparar-les-oposicions\/\" >\n\t\t\t\tPer on comen\u00e7ar a preparar les Oposicions de Valenci\u00e0?\t\t\t<\/a>\n\t\t<\/h3>\n\t\t\t\t<div class=\"elementor-post__meta-data\">\n\t\t\t\t\t<span class=\"elementor-post-date\">\n\t\t\t2 de marzo de 2025\t\t<\/span>\n\t\t\t\t<span class=\"elementor-post-avatar\">\n\t\t\tNo hay comentarios\t\t<\/span>\n\t\t\t\t<\/div>\n\t\t\t\t<div class=\"elementor-post__excerpt\">\n\t\t\t<p>Com comen\u00e7ar a preparar oposicions: consells per crear un bon horari d&#8217;estudi<\/p>\n\t\t<\/div>\n\t\t\n\t\t<a class=\"elementor-post__read-more\" href=\"https:\/\/marinaoposicions.com\/es\/2025\/03\/02\/per-on-comencar-a-preparar-les-oposicions\/\" aria-label=\"M\u00e1s informaci\u00f3n sobre Per on comen\u00e7ar a preparar les Oposicions de Valenci\u00e0?\" tabindex=\"-1\" >\n\t\t\tLlegir m\u00e9s \u00bb\t\t<\/a>\n\n\t\t\t\t<\/div>\n\t\t\t\t<\/article>\n\t\t\t\t<article class=\"elementor-post elementor-grid-item post-40830 post type-post status-publish format-standard has-post-thumbnail hentry category-sin-categoria\" role=\"listitem\">\n\t\t\t\t<a class=\"elementor-post__thumbnail__link\" href=\"https:\/\/marinaoposicions.com\/es\/2024\/11\/12\/entrada-3\/\" tabindex=\"-1\" >\n\t\t\t<div class=\"elementor-post__thumbnail\"><img loading=\"lazy\" decoding=\"async\" width=\"300\" height=\"200\" src=\"https:\/\/marinaoposicions.com\/wp-content\/uploads\/2024\/11\/students-are-taking-a-test-in-classroom-300x200.jpg\" class=\"attachment-medium size-medium wp-image-40948\" alt=\"Students are taking a test in classroom\" srcset=\"https:\/\/marinaoposicions.com\/wp-content\/uploads\/2024\/11\/students-are-taking-a-test-in-classroom-300x200.jpg 300w, https:\/\/marinaoposicions.com\/wp-content\/uploads\/2024\/11\/students-are-taking-a-test-in-classroom-1024x682.jpg 1024w, https:\/\/marinaoposicions.com\/wp-content\/uploads\/2024\/11\/students-are-taking-a-test-in-classroom-768x512.jpg 768w, https:\/\/marinaoposicions.com\/wp-content\/uploads\/2024\/11\/students-are-taking-a-test-in-classroom-1536x1024.jpg 1536w, https:\/\/marinaoposicions.com\/wp-content\/uploads\/2024\/11\/students-are-taking-a-test-in-classroom.jpg 2000w\" sizes=\"(max-width: 300px) 100vw, 300px\" \/><\/div>\n\t\t<\/a>\n\t\t\t\t<div class=\"elementor-post__text\">\n\t\t\t\t<h3 class=\"elementor-post__title\">\n\t\t\t<a href=\"https:\/\/marinaoposicions.com\/es\/2024\/11\/12\/entrada-3\/\" >\n\t\t\t\tProposta pedag\u00f2gica i programaci\u00f3 d&#8217;aula: Quina \u00e9s la difer\u00e8ncia?\t\t\t<\/a>\n\t\t<\/h3>\n\t\t\t\t<div class=\"elementor-post__meta-data\">\n\t\t\t\t\t<span class=\"elementor-post-date\">\n\t\t\t12 de noviembre de 2024\t\t<\/span>\n\t\t\t\t<span class=\"elementor-post-avatar\">\n\t\t\tNo hay comentarios\t\t<\/span>\n\t\t\t\t<\/div>\n\t\t\t\t<div class=\"elementor-post__excerpt\">\n\t\t\t<p>Les normes del joc han canviat:  has de presentar una programaci\u00f3 d\u2019aula ben elaborada, no una proposta pedag\u00f2gica. Poden semblar que s\u00f3n el mateix document, per\u00f2 no ho s\u00f3n!<br \/>\nEn l&#8217;entrada que tens tot seguit t&#8217;expliquem les difer\u00e8ncies entre els dos documents i com elaborar una bona programaci\u00f3 d&#8217;aula. <\/p>\n\t\t<\/div>\n\t\t\n\t\t<a class=\"elementor-post__read-more\" href=\"https:\/\/marinaoposicions.com\/es\/2024\/11\/12\/entrada-3\/\" aria-label=\"M\u00e1s informaci\u00f3n sobre Proposta pedag\u00f2gica i programaci\u00f3 d&#8217;aula: Quina \u00e9s la difer\u00e8ncia?\" tabindex=\"-1\" >\n\t\t\tLlegir m\u00e9s \u00bb\t\t<\/a>\n\n\t\t\t\t<\/div>\n\t\t\t\t<\/article>\n\t\t\t\t<\/div>\n\t\t\n\t\t\t\t\t\t<\/div>\n\t\t\t\t<\/div>\n\t\t\t\t\t<\/div>\n\t\t\t\t<\/div>\n\t\t\t\t<\/div>","protected":false},"excerpt":{"rendered":"<p>Art\u00edculos &amp; Blog<\/p>","protected":false},"author":3,"featured_media":0,"parent":0,"menu_order":0,"comment_status":"closed","ping_status":"closed","template":"elementor_header_footer","meta":{"_bbp_topic_count":0,"_bbp_reply_count":0,"_bbp_total_topic_count":0,"_bbp_total_reply_count":0,"_bbp_voice_count":0,"_bbp_anonymous_reply_count":0,"_bbp_topic_count_hidden":0,"_bbp_reply_count_hidden":0,"_bbp_forum_subforum_count":0,"site-sidebar-layout":"no-sidebar","site-content-layout":"","ast-site-content-layout":"full-width-container","site-content-style":"default","site-sidebar-style":"default","ast-global-header-display":"","ast-banner-title-visibility":"","ast-main-header-display":"","ast-hfb-above-header-display":"","ast-hfb-below-header-display":"","ast-hfb-mobile-header-display":"","site-post-title":"disabled","ast-breadcrumbs-content":"","ast-featured-img":"disabled","footer-sml-layout":"","ast-disable-related-posts":"","theme-transparent-header-meta":"","adv-header-id-meta":"","stick-header-meta":"","header-above-stick-meta":"","header-main-stick-meta":"","header-below-stick-meta":"","astra-migrate-meta-layouts":"default","ast-page-background-enabled":"default","ast-page-background-meta":{"desktop":{"background-color":"var(--ast-global-color-4)","background-image":"","background-repeat":"repeat","background-position":"center center","background-size":"auto","background-attachment":"scroll","background-type":"","background-media":"","overlay-type":"","overlay-color":"","overlay-opacity":"","overlay-gradient":""},"tablet":{"background-color":"","background-image":"","background-repeat":"repeat","background-position":"center center","background-size":"auto","background-attachment":"scroll","background-type":"","background-media":"","overlay-type":"","overlay-color":"","overlay-opacity":"","overlay-gradient":""},"mobile":{"background-color":"","background-image":"","background-repeat":"repeat","background-position":"center center","background-size":"auto","background-attachment":"scroll","background-type":"","background-media":"","overlay-type":"","overlay-color":"","overlay-opacity":"","overlay-gradient":""}},"ast-content-background-meta":{"desktop":{"background-color":"var(--ast-global-color-5)","background-image":"","background-repeat":"repeat","background-position":"center center","background-size":"auto","background-attachment":"scroll","background-type":"","background-media":"","overlay-type":"","overlay-color":"","overlay-opacity":"","overlay-gradient":""},"tablet":{"background-color":"var(--ast-global-color-5)","background-image":"","background-repeat":"repeat","background-position":"center center","background-size":"auto","background-attachment":"scroll","background-type":"","background-media":"","overlay-type":"","overlay-color":"","overlay-opacity":"","overlay-gradient":""},"mobile":{"background-color":"var(--ast-global-color-5)","background-image":"","background-repeat":"repeat","background-position":"center center","background-size":"auto","background-attachment":"scroll","background-type":"","background-media":"","overlay-type":"","overlay-color":"","overlay-opacity":"","overlay-gradient":""}},"footnotes":""},"class_list":["post-40834","page","type-page","status-publish","hentry"],"yoast_head":"<!-- This site is optimized with the Yoast SEO plugin v27.0 - https:\/\/yoast.com\/product\/yoast-seo-wordpress\/ -->\n<title>Blog - Marina Oposicions<\/title>\n<meta name=\"robots\" content=\"index, follow, max-snippet:-1, max-image-preview:large, max-video-preview:-1\" \/>\n<link rel=\"canonical\" href=\"https:\/\/marinaoposicions.com\/es\/blog\/\" \/>\n<meta property=\"og:locale\" content=\"es_ES\" \/>\n<meta property=\"og:type\" content=\"article\" \/>\n<meta property=\"og:title\" content=\"Blog - Marina Oposicions\" \/>\n<meta property=\"og:description\" content=\"Articles &amp; Blog\" \/>\n<meta property=\"og:url\" content=\"https:\/\/marinaoposicions.com\/es\/blog\/\" \/>\n<meta property=\"og:site_name\" content=\"Marina Oposicions\" \/>\n<meta property=\"article:modified_time\" content=\"2025-02-09T22:13:58+00:00\" \/>\n<meta name=\"twitter:card\" content=\"summary_large_image\" \/>\n<meta name=\"twitter:label1\" content=\"Tiempo de lectura\" \/>\n\t<meta name=\"twitter:data1\" content=\"2 minutos\" \/>\n<script type=\"application\/ld+json\" class=\"yoast-schema-graph\">{\"@context\":\"https:\/\/schema.org\",\"@graph\":[{\"@type\":\"WebPage\",\"@id\":\"https:\/\/marinaoposicions.com\/blog\/\",\"url\":\"https:\/\/marinaoposicions.com\/blog\/\",\"name\":\"Blog - Marina Oposicions\",\"isPartOf\":{\"@id\":\"https:\/\/marinaoposicions.com\/#website\"},\"datePublished\":\"2024-11-25T14:31:07+00:00\",\"dateModified\":\"2025-02-09T22:13:58+00:00\",\"breadcrumb\":{\"@id\":\"https:\/\/marinaoposicions.com\/blog\/#breadcrumb\"},\"inLanguage\":\"es\",\"potentialAction\":[{\"@type\":\"ReadAction\",\"target\":[\"https:\/\/marinaoposicions.com\/blog\/\"]}]},{\"@type\":\"BreadcrumbList\",\"@id\":\"https:\/\/marinaoposicions.com\/blog\/#breadcrumb\",\"itemListElement\":[{\"@type\":\"ListItem\",\"position\":1,\"name\":\"Portada\",\"item\":\"https:\/\/marinaoposicions.com\/\"},{\"@type\":\"ListItem\",\"position\":2,\"name\":\"Blog\"}]},{\"@type\":\"WebSite\",\"@id\":\"https:\/\/marinaoposicions.com\/#website\",\"url\":\"https:\/\/marinaoposicions.com\/\",\"name\":\"Marina Oposicions\",\"description\":\"Preparaci\u00f3n de oposiciones de Secundaria en Comunidad Valenciana\",\"potentialAction\":[{\"@type\":\"SearchAction\",\"target\":{\"@type\":\"EntryPoint\",\"urlTemplate\":\"https:\/\/marinaoposicions.com\/?s={search_term_string}\"},\"query-input\":{\"@type\":\"PropertyValueSpecification\",\"valueRequired\":true,\"valueName\":\"search_term_string\"}}],\"inLanguage\":\"es\"}]}<\/script>\n<!-- \/ Yoast SEO plugin. -->","yoast_head_json":{"title":"Blog - Marina Oposicions","robots":{"index":"index","follow":"follow","max-snippet":"max-snippet:-1","max-image-preview":"max-image-preview:large","max-video-preview":"max-video-preview:-1"},"canonical":"https:\/\/marinaoposicions.com\/es\/blog\/","og_locale":"es_ES","og_type":"article","og_title":"Blog - Marina Oposicions","og_description":"Articles &amp; Blog","og_url":"https:\/\/marinaoposicions.com\/es\/blog\/","og_site_name":"Marina Oposicions","article_modified_time":"2025-02-09T22:13:58+00:00","twitter_card":"summary_large_image","twitter_misc":{"Tiempo de lectura":"2 minutos"},"schema":{"@context":"https:\/\/schema.org","@graph":[{"@type":"WebPage","@id":"https:\/\/marinaoposicions.com\/blog\/","url":"https:\/\/marinaoposicions.com\/blog\/","name":"Blog - Marina Oposicions","isPartOf":{"@id":"https:\/\/marinaoposicions.com\/#website"},"datePublished":"2024-11-25T14:31:07+00:00","dateModified":"2025-02-09T22:13:58+00:00","breadcrumb":{"@id":"https:\/\/marinaoposicions.com\/blog\/#breadcrumb"},"inLanguage":"es","potentialAction":[{"@type":"ReadAction","target":["https:\/\/marinaoposicions.com\/blog\/"]}]},{"@type":"BreadcrumbList","@id":"https:\/\/marinaoposicions.com\/blog\/#breadcrumb","itemListElement":[{"@type":"ListItem","position":1,"name":"Portada","item":"https:\/\/marinaoposicions.com\/"},{"@type":"ListItem","position":2,"name":"Blog"}]},{"@type":"WebSite","@id":"https:\/\/marinaoposicions.com\/#website","url":"https:\/\/marinaoposicions.com\/","name":"Marina Oposicions","description":"Preparaci\u00f3n de oposiciones de Secundaria en Comunidad Valenciana","potentialAction":[{"@type":"SearchAction","target":{"@type":"EntryPoint","urlTemplate":"https:\/\/marinaoposicions.com\/?s={search_term_string}"},"query-input":{"@type":"PropertyValueSpecification","valueRequired":true,"valueName":"search_term_string"}}],"inLanguage":"es"}]}},"_links":{"self":[{"href":"https:\/\/marinaoposicions.com\/es\/wp-json\/wp\/v2\/pages\/40834","targetHints":{"allow":["GET"]}}],"collection":[{"href":"https:\/\/marinaoposicions.com\/es\/wp-json\/wp\/v2\/pages"}],"about":[{"href":"https:\/\/marinaoposicions.com\/es\/wp-json\/wp\/v2\/types\/page"}],"author":[{"embeddable":true,"href":"https:\/\/marinaoposicions.com\/es\/wp-json\/wp\/v2\/users\/3"}],"replies":[{"embeddable":true,"href":"https:\/\/marinaoposicions.com\/es\/wp-json\/wp\/v2\/comments?post=40834"}],"version-history":[{"count":25,"href":"https:\/\/marinaoposicions.com\/es\/wp-json\/wp\/v2\/pages\/40834\/revisions"}],"predecessor-version":[{"id":41286,"href":"https:\/\/marinaoposicions.com\/es\/wp-json\/wp\/v2\/pages\/40834\/revisions\/41286"}],"wp:attachment":[{"href":"https:\/\/marinaoposicions.com\/es\/wp-json\/wp\/v2\/media?parent=40834"}],"curies":[{"name":"wp","href":"https:\/\/api.w.org\/{rel}","templated":true}]}}